{"id":205,"date":"2020-09-30T17:24:56","date_gmt":"2020-09-30T15:24:56","guid":{"rendered":"https:\/\/pjweb.iut-info-vannes.net\/pjweb_14\/?page_id=205"},"modified":"2024-09-13T11:51:38","modified_gmt":"2024-09-13T09:51:38","slug":"apel","status":"publish","type":"page","link":"https:\/\/ecolesaintebernadette.ovh\/?page_id=205","title":{"rendered":"APEL"},"content":{"rendered":"\t\t<div data-elementor-type=\"wp-page\" data-elementor-id=\"205\" class=\"elementor elementor-205\" data-elementor-settings=\"[]\">\n\t\t\t\t\t\t<div class=\"elementor-inner\">\n\t\t\t\t\t\t\t<div class=\"elementor-section-wrap\">\n\t\t\t\t\t\t\t<section class=\"elementor-section elementor-top-section elementor-element elementor-element-33a62dd elementor-section-boxed elementor-section-height-default elementor-section-height-default\" data-id=\"33a62dd\" data-element_type=\"section\">\n\t\t\t\t\t\t<div class=\"elementor-container elementor-column-gap-default\">\n\t\t\t\t\t\t\t<div class=\"elementor-row\">\n\t\t\t\t\t<div class=\"elementor-column elementor-col-50 elementor-top-column elementor-element elementor-element-bbc62a7\" data-id=\"bbc62a7\" data-element_type=\"column\">\n\t\t\t<div class=\"elementor-column-wrap elementor-element-populated\">\n\t\t\t\t\t\t\t<div class=\"elementor-widget-wrap\">\n\t\t\t\t\t\t<div class=\"elementor-element elementor-element-6b9595f elementor-widget elementor-widget-text-editor\" data-id=\"6b9595f\" data-element_type=\"widget\" data-widget_type=\"text-editor.default\">\n\t\t\t\t<div class=\"elementor-widget-container\">\n\t\t\t\t\t<div class=\"elementor-text-editor elementor-clearfix\"><h1 style=\"text-align: center;\"><span style=\"text-decoration: underline; color: #000000;\"><em><strong>L&rsquo;APEL<\/strong><\/em><\/span><\/h1><\/div>\n\t\t\t\t<\/div>\n\t\t\t\t<\/div>\n\t\t\t\t<div class=\"elementor-element elementor-element-baeeaa0 elementor-widget elementor-widget-text-editor\" data-id=\"baeeaa0\" data-element_type=\"widget\" data-widget_type=\"text-editor.default\">\n\t\t\t\t<div class=\"elementor-widget-container\">\n\t\t\t\t\t<div class=\"elementor-text-editor elementor-clearfix\"><h2 style=\"box-sizing: inherit; margin-bottom: 0.75em; line-height: 1.15; font-size: 2.4rem; color: #2b275c; font-family: 'Martel Sans', Arial, sans-serif; font-style: normal; font-variant-ligatures: normal; font-variant-caps: normal;\">Quel est le r\u00f4le de l\u2019Apel ?\u00a0<\/h2><p style=\"box-sizing: inherit; margin-bottom: 2rem; overflow: hidden; color: #2b275c; font-family: 'Martel Sans', Arial, sans-serif; font-size: 16px; font-style: normal; font-variant-ligatures: normal; font-variant-caps: normal; font-weight: 400;\"><span style=\"box-sizing: inherit; font-weight: bolder;\">L\u2019Apel agit et s&rsquo;implique dans la vie des \u00e9tablissements scolaires<\/span>. Nous avons la responsabilit\u00e9 de repr\u00e9senter les parents, au sein des \u00e9tablissements, comme aupr\u00e8s des responsables de l&rsquo;institution scolaire et des pouvoirs publics.<\/p><p style=\"box-sizing: inherit; margin-bottom: 2rem; overflow: hidden; color: #2b275c; font-family: 'Martel Sans', Arial, sans-serif; font-size: 16px; font-style: normal; font-variant-ligatures: normal; font-variant-caps: normal; font-weight: 400;\"><span style=\"box-sizing: inherit; font-weight: bolder;\">L&rsquo;Apel accompagne \u00e9galement les parents dans leur t\u00e2che \u00e9ducative<\/span>\u00a0au travers des diff\u00e9rents services que nous proposons : le service d&rsquo;information et de conseil aux familles, le magazine Famille &amp; \u00e9ducation, le site www.apel.fr, la plateforme t\u00e9l\u00e9phonique Apel Service.<\/p><p style=\"box-sizing: inherit; margin-bottom: 2rem; overflow: hidden; color: #2b275c; font-family: 'Martel Sans', Arial, sans-serif; font-size: 16px; font-style: normal; font-variant-ligatures: normal; font-variant-caps: normal; font-weight: 400;\">Nous participons \u00e9galement au d\u00e9bat \u00e9ducatif, que ce soit sous forme de conf\u00e9rences-d\u00e9bats organis\u00e9es dans les \u00e9tablissements, de colloques dans les r\u00e9gions, de congr\u00e8s nationaux, ou de prises de position publiques sur un projet de r\u00e9forme.<br style=\"box-sizing: inherit;\" \/>Enfin, nous continuons de d\u00e9fendre la libert\u00e9 d&rsquo;enseignement et du choix de l&rsquo;\u00e9cole.<\/p><\/div>\n\t\t\t\t<\/div>\n\t\t\t\t<\/div>\n\t\t\t\t\t\t<\/div>\n\t\t\t\t\t<\/div>\n\t\t<\/div>\n\t\t\t\t<div class=\"elementor-column elementor-col-50 elementor-top-column elementor-element elementor-element-ce98988\" data-id=\"ce98988\" data-element_type=\"column\">\n\t\t\t<div class=\"elementor-column-wrap elementor-element-populated\">\n\t\t\t\t\t\t\t<div class=\"elementor-widget-wrap\">\n\t\t\t\t\t\t<div class=\"elementor-element elementor-element-16beb80 elementor-widget elementor-widget-image\" data-id=\"16beb80\" data-element_type=\"widget\" data-widget_type=\"image.default\">\n\t\t\t\t<div class=\"elementor-widget-container\">\n\t\t\t\t\t<div class=\"elementor-image\">\n\t\t\t\t\t\t\t\t\t\t<img width=\"272\" height=\"185\" src=\"https:\/\/ecolesaintebernadette.ovh\/wp-content\/uploads\/2020\/09\/apel.jpg\" class=\"attachment-large size-large\" alt=\"\" loading=\"lazy\" \/>\t\t\t\t\t\t\t\t\t\t\t<\/div>\n\t\t\t\t<\/div>\n\t\t\t\t<\/div>\n\t\t\t\t\t\t<\/div>\n\t\t\t\t\t<\/div>\n\t\t<\/div>\n\t\t\t\t\t\t\t\t<\/div>\n\t\t\t\t\t<\/div>\n\t\t<\/section>\n\t\t\t\t\t\t<\/div>\n\t\t\t\t\t\t<\/div>\n\t\t\t\t\t<\/div>\n\t\t","protected":false},"excerpt":{"rendered":"<p>L&rsquo;APEL Quel est le r\u00f4le de l\u2019Apel ?\u00a0 L\u2019Apel agit et s&rsquo;implique dans la vie des \u00e9tablissements scolaires. Nous avons la responsabilit\u00e9 de repr\u00e9senter les parents, au sein des \u00e9tablissements, comme aupr\u00e8s des responsables de l&rsquo;institution scolaire et des pouvoirs publics. L&rsquo;Apel accompagne \u00e9galement les parents dans leur t\u00e2che \u00e9ducative\u00a0au travers des diff\u00e9rents services que [&hellip;]<\/p>\n","protected":false},"author":1,"featured_media":0,"parent":0,"menu_order":0,"comment_status":"closed","ping_status":"closed","template":"","meta":[],"_links":{"self":[{"href":"https:\/\/ecolesaintebernadette.ovh\/index.php?rest_route=\/wp\/v2\/pages\/205"}],"collection":[{"href":"https:\/\/ecolesaintebernadette.ovh\/index.php?rest_route=\/wp\/v2\/pages"}],"about":[{"href":"https:\/\/ecolesaintebernadette.ovh\/index.php?rest_route=\/wp\/v2\/types\/page"}],"author":[{"embeddable":true,"href":"https:\/\/ecolesaintebernadette.ovh\/index.php?rest_route=\/wp\/v2\/users\/1"}],"replies":[{"embeddable":true,"href":"https:\/\/ecolesaintebernadette.ovh\/index.php?rest_route=%2Fwp%2Fv2%2Fcomments&post=205"}],"version-history":[{"count":8,"href":"https:\/\/ecolesaintebernadette.ovh\/index.php?rest_route=\/wp\/v2\/pages\/205\/revisions"}],"predecessor-version":[{"id":1114,"href":"https:\/\/ecolesaintebernadette.ovh\/index.php?rest_route=\/wp\/v2\/pages\/205\/revisions\/1114"}],"wp:attachment":[{"href":"https:\/\/ecolesaintebernadette.ovh\/index.php?rest_route=%2Fwp%2Fv2%2Fmedia&parent=205"}],"curies":[{"name":"wp","href":"https:\/\/api.w.org\/{rel}","templated":true}]}}